{"id":13997,"date":"2020-04-15T17:52:34","date_gmt":"2020-04-15T15:52:34","guid":{"rendered":"https:\/\/club.elnacional.cat\/?page_id=13997"},"modified":"2020-05-11T17:32:45","modified_gmt":"2020-05-11T15:32:45","slug":"que-es-el-club","status":"publish","type":"page","link":"https:\/\/club.elnacional.cat\/es\/que-es-el-club\/","title":{"rendered":"\u00bfQu\u00e9 es el Club?"},"content":{"rendered":"\n<p>Arthur Miller dijo que un buen peri\u00f3dico es una naci\u00f3n que se habla a s\u00ed misma, y con esta premisa ya hace cuatro a\u00f1os que d\u00eda tras d\u00eda explicamos el mundo a nuestros lectores con un punto de vista comprometido, riguroso y sin complejos. El Club El Nacional es eso: permitir acercar nuestra mirada sobre el pa\u00eds cada d\u00eda a m\u00e1s gente, haciendo viable un medio de referencia que quiere seguir ampliando su comunidad e informando de una forma absolutamente abierta<\/p>\n\n\n\n<div style=\"position:relative; overflow:hidden; padding-bottom:56.25%; margin-top:1.2rem\"><iframe loading=\"lazy\" src=\"https:\/\/cdn.jwplayer.com\/players\/KAq4DRVC-RW8FpB2O.html\" width=\"100%\" height=\"100%\" frameborder=\"0\" scrolling=\"auto\" title=\"&quot;Compartim el que t'importa&quot;: aix\u00ed \u00e9s la nova campanya d'ElNacional.cat\" style=\"position:absolute; top:0;left;0;width:100%;height:100%\" allowfullscreen=\"\"><\/iframe><\/div>\n\n\n\n<h2 class=\"wp-block-heading\">Compartir para ser m\u00e1s<\/h2>\n\n\n\n<p>Parece que el futuro de la prensa digital pasa por los muros de pago, pero nosotros, humildemente, creemos que es una forma poco democr\u00e1tica de compartir la informaci\u00f3n, ya que s\u00f3lo quien tiene dinero puede acceder a ella. Es por ello que en ElNacional.cat queremos seguir informando abiertamente, por eso pedimos a nuestros lectores que contribuyan a hacer posible un diario gratuito para todos. Editamos en catal\u00e1n, castellano e ingl\u00e9s precisamente para compartir y explicar libremente en todo el mundo, sin filtros, presiones ni censuras, lo que nos afecta.<\/p>\n\n\n\n<p>El Club El Nacional es el hogar de todas aquellas personas que consideran la informaci\u00f3n una herramienta para comprender qu\u00e9 pasa y, sobre todo, por qu\u00e9 pasa. O sea, una comunidad de miembros no s\u00f3lo comprometidos con El Nacional, sino sobre todo con el d\u00eda a d\u00eda de la naci\u00f3n a que hace referencia el nombre de nuestro diario.<\/p>\n\n\n\n<p><\/p>\n\n\n\n<h2 class=\"wp-block-heading\">Compartir experiancias: ser de <em>ElNacional.cat<\/em><\/h2>\n\n\n\n<p>Formar parte de ElNacional.cat tambi\u00e9n es sin\u00f3nimo de vivirlo desde dentro, de asistir a desayunos privados con periodistas y colaboradores del diario o, tambi\u00e9n, a afterworks, mesas redondas o coloquios exclusivos que cuentan con la presencia de personalidades relevantes de la actualidad. En la decena de actos celebrados desde octubre de 2019, como por ejemplo maridajes de vinos o presentaciones de libros privadas, en la primavera de 2020 se suman las nuevas experiencias en el calendario de confinamiento: \u00c1gora ElNacional, con col \u00b7 loquis en tiempo de confinamiento; Inside ElNacional, con reuniones privadas con periodistas de la casa; y Aula ElNacional, con seminarios de Historia o literatura. Adem\u00e1s, a partir del 1 de mayo, de la creaci\u00f3n de una columna semanal en el diario llamada La voz del socio y en la que podr\u00e1n escribir s\u00f3lo los socios Premium.<\/p>\n\n\n\n<figure class=\"wp-block-embed-youtube wp-block-embed is-type-video is-provider-youtube wp-embed-aspect-16-9 wp-has-aspect-ratio\"><div class=\"wp-block-embed__wrapper\">\n<iframe loading=\"lazy\" title=\"Neix el CLUB de El Nacional.cat\" width=\"500\" height=\"281\" src=\"https:\/\/www.youtube.com\/embed\/7xFgCn7Di18?feature=oembed\" frameborder=\"0\" allow=\"accelerometer; autoplay; clipboard-write; encrypted-media; gyroscope; picture-in-picture; web-share\" referrerpolicy=\"strict-origin-when-cross-origin\" allowfullscreen><\/iframe>\n<\/div><\/figure>\n\n\n\n<p>Adem\u00e1s, claro, ser miembro de El Nacional permite disfrutar de varias promociones muy interesantes que semanalmente se actualizan en la p\u00e1gina web del Club El Nacional.<\/p>\n\n\n\n<h2 class=\"wp-block-heading\">\u00bfQuieres formar parte, pues, de la familia de El Nacional?<\/h2>\n\n\n\n<div class=\"wp-block-button\"><a class=\"wp-block-button__link\" href=\"#\">Hazte miembro<\/a><\/div>\n","protected":false},"excerpt":{"rendered":"<p>Arthur Miller dijo que un buen peri\u00f3dico es una naci\u00f3n que se habla a s\u00ed misma, y con esta premisa ya hace cuatro a\u00f1os que d\u00eda tras d\u00eda explicamos el mundo a nuestros lectores con un punto de vista comprometido, riguroso y sin complejos. El Club El Nacional es eso: permitir acercar nuestra mirada sobre &hellip; <a href=\"https:\/\/club.elnacional.cat\/es\/que-es-el-club\/\">Continued<\/a><\/p>\n","protected":false},"author":1,"featured_media":0,"parent":0,"menu_order":0,"comment_status":"closed","ping_status":"closed","template":"views\/template-about.blade.php","meta":{"_acf_changed":false,"footnotes":""},"class_list":["post-13997","page","type-page","status-publish","hentry"],"acf":[],"_links":{"self":[{"href":"https:\/\/club.elnacional.cat\/es\/wp-json\/wp\/v2\/pages\/13997","targetHints":{"allow":["GET"]}}],"collection":[{"href":"https:\/\/club.elnacional.cat\/es\/wp-json\/wp\/v2\/pages"}],"about":[{"href":"https:\/\/club.elnacional.cat\/es\/wp-json\/wp\/v2\/types\/page"}],"author":[{"embeddable":true,"href":"https:\/\/club.elnacional.cat\/es\/wp-json\/wp\/v2\/users\/1"}],"replies":[{"embeddable":true,"href":"https:\/\/club.elnacional.cat\/es\/wp-json\/wp\/v2\/comments?post=13997"}],"version-history":[{"count":2,"href":"https:\/\/club.elnacional.cat\/es\/wp-json\/wp\/v2\/pages\/13997\/revisions"}],"predecessor-version":[{"id":28373,"href":"https:\/\/club.elnacional.cat\/es\/wp-json\/wp\/v2\/pages\/13997\/revisions\/28373"}],"wp:attachment":[{"href":"https:\/\/club.elnacional.cat\/es\/wp-json\/wp\/v2\/media?parent=13997"}],"curies":[{"name":"wp","href":"https:\/\/api.w.org\/{rel}","templated":true}]}}