{"id":460,"date":"2019-08-07T10:41:11","date_gmt":"2019-08-07T08:41:11","guid":{"rendered":"http:\/\/club.elnacional.cat\/?page_id=460"},"modified":"2019-08-07T11:35:38","modified_gmt":"2019-08-07T09:35:38","slug":"politica-de-cookies","status":"publish","type":"page","link":"https:\/\/club.elnacional.cat\/es\/politica-de-cookies\/","title":{"rendered":"Pol\u00edtica de cookies"},"content":{"rendered":"\n<p><strong>\u00bfQu\u00e9 es una Cookie?<\/strong><\/p>\n\n\n\n<p>Las cookies (o galletas) son breves paquetes de informaci\u00f3n que env\u00edan los servidores de un sitio web al navegador del usuario con datos sobre su navegaci\u00f3n previa.<\/p>\n\n\n\n<p><strong>\u00bfPara qu\u00e9 se utilizan las Cookies en este sitio web?<\/strong><\/p>\n\n\n\n<p>Las Cookies son una parte esencial de c\u00f3mo funciona nuestro sitio web (www.elnacional.cat). El objetivo principal de nuestras Cookies es mejorar su experiencia en la navegaci\u00f3n y en futuras visitas. La informaci\u00f3n recogida en las Cookies nos permite, adem\u00e1s, mejorar la web mediante estimaciones sobre n\u00fameros y patrones de uso, la adaptaci\u00f3n del sitio web a los intereses de los usuarios, la aceleraci\u00f3n de las b\u00fasquedas, etc. Si hemos obtenido su previo consentimiento informado, podremos utilizar Cookies, para obtener informaci\u00f3n que nos permita mostrarle desde nuestro sitio web publicidad basada en el an\u00e1lisis de sus h\u00e1bitos de navegaci\u00f3n.<\/p>\n\n\n\n<p><strong>\u00bfQui\u00e9n utiliza la informaci\u00f3n almacenada en las Cookies?<\/strong><\/p>\n\n\n\n<p>La informaci\u00f3n almacenada en las Cookies de nuestro sitio web es utilizada exclusivamente por nosotros, a excepci\u00f3n de aquellas identificadas como \u201cCookies de terceros\u201d, que son utilizadas y gestionadas por entidades externas para proporcionarnos servicios solicitados por nosotros para mejorar nuestros servicios y la experiencia del usuario al navegar en nuestro sitio web. Los principales servicios para los que se utilizan estas \u201cCookies de terceros\u201d son la obtenci\u00f3n de estad\u00edsticas y la gesti\u00f3n de publicidad.<\/p>\n\n\n\n<p><strong>\u00bfLas cookies almacenan datos personales?<\/strong><\/p>\n\n\n\n<p>Las cookies pueden almacenar informaci\u00f3n del usuario de car\u00e1cter personal. Como informaci\u00f3n de car\u00e1cter personal se entender\u00e1 toda informaci\u00f3n sobre una persona f\u00edsica como por ejemplo un nombre, un n\u00famero de identificaci\u00f3n, datos de localizaci\u00f3n, un identificador en l\u00ednea o uno o varios elementos propios de la identidad f\u00edsica, fisiol\u00f3gica, gen\u00e9tica, ps\u00edquica, econ\u00f3mica, cultural o social de dicha persona. En dicho caso el tratamiento de sus datos se realizar\u00e1 en cumplimiento a lo dispuesto en el Reglamento Europeo de Protecci\u00f3n de Datos y el interesado podr\u00e1 encontrar toda la informaci\u00f3n en la&nbsp;<a href=\"https:\/\/www.elnacional.cat\/es\/politica-de-privacidad.html\" rel=\"noreferrer noopener\" target=\"_blank\">pol\u00edtica de privacidad<\/a>\u200b.<\/p>\n\n\n\n<p><strong>\u00bfC\u00f3mo puedo evitar el uso de Cookies en este sitio web?<\/strong><\/p>\n\n\n\n<p>Si usted prefiere evitar el uso de Cookies en esta p\u00e1gina, teniendo en cuenta las limitaciones anteriores, usted debe, en primer lugar, deshabilitar en su navegador el uso de Cookies y, en segundo lugar, eliminar las Cookies guardadas en su navegador asociadas a este sitio web de la manera que se indique en cada caso. Esta posibilidad de evitar el uso de Cookies puede ser llevada a cabo por usted en cualquier momento.<\/p>\n\n\n\n<p>Para restringir, bloquear o borrar las Cookies de este sitio web puede hacerlo, en cualquier momento.<\/p>\n\n\n\n<p>En todo caso, se podr\u00e1 utilizar el uso de cookies cuando se deniegue el consentimiento en el momento de acceso a la Web o de forma espec\u00edfica cuando se requiera de una autorizaci\u00f3n expresa para el acceso a determinado contenido.<\/p>\n\n\n\n<p><strong>\u00bfQu\u00e9 Cookies utiliza este sitio web y para qu\u00e9 finalidades?<\/strong><\/p>\n\n\n\n<p>A continuaci\u00f3n se describir\u00e1 el tipo de cookies que utilizamos e incluimos un cuadro con las Cookies utilizadas por este sitio web, junto con la informaci\u00f3n sobre el prop\u00f3sito, duraci\u00f3n y gesti\u00f3n (propia o de terceros) de cada uno de ellos:<\/p>\n\n\n\n<ul class=\"wp-block-list\"><li><strong>Cookies t\u00e9cnicas:<\/strong>&nbsp;Son aqu\u00e9llas que permiten al usuario la navegaci\u00f3n a trav\u00e9s de una p\u00e1gina web, plataforma o aplicaci\u00f3n y la utilizaci\u00f3n de las diferentes opciones o servicios que en ella existan como, por ejemplo, controlar el tr\u00e1fico y la comunicaci\u00f3n de datos, identificar la sesi\u00f3n, acceder a partes de acceso restringido, utilizar elementos de seguridad durante la navegaci\u00f3n, almacenar contenidos para la difusi\u00f3n de videos o sonido o compartir contenidos a trav\u00e9s de redes sociales.<\/li><li><strong>Cookies de personalizaci\u00f3n<\/strong>: Son aqu\u00e9llas que permiten al usuario acceder al servicio con algunas caracter\u00edsticas de car\u00e1cter general predefinidas en funci\u00f3n de una serie de criterios en el terminal del usuario como por ejemplo serian el idioma, el tipo de navegador a trav\u00e9s del cual accede al servicio, la configuraci\u00f3n regional desde donde accede al servicio, etc.<\/li><li><strong>Cookies de an\u00e1lisis:<\/strong>&nbsp;Son aqu\u00e9llas que permiten al responsable de las mismas, el seguimiento y an\u00e1lisis del comportamiento de los usuarios de los sitios web a los que est\u00e1n vinculadas. La informaci\u00f3n recogida mediante este tipo de cookies se utiliza en la medici\u00f3n de la actividad de los sitios web, aplicaci\u00f3n o plataforma y para la elaboraci\u00f3n de perfiles de navegaci\u00f3n de los usuarios de dichos sitios, aplicaciones y plataformas, con el fin de introducir mejoras en funci\u00f3n del an\u00e1lisis de los datos de uso que hacen los usuarios del servicio.<\/li><li><strong>Cookies publicitarias:<\/strong>&nbsp;Son aqu\u00e9llas que permiten la gesti\u00f3n, de la forma m\u00e1s eficaz posible, de los espacios publicitarios que, en su caso, el editor haya incluido en una p\u00e1gina web, aplicaci\u00f3n o plataforma desde la que presta el servicio solicitado en base a criterios como el contenido editado o la frecuencia en la que se muestran los anuncios.<\/li><li><strong>Cookies de publicidad comportamental:<\/strong>&nbsp;Son aqu\u00e9llas que permiten la gesti\u00f3n, de la forma m\u00e1s eficaz posible, de los espacios publicitarios que, en su caso, el editor haya incluido en una p\u00e1gina web, aplicaci\u00f3n o plataforma desde la que presta el servicio solicitado. Estas cookies almacenan informaci\u00f3n del comportamiento de los usuarios obtenida a trav\u00e9s de la observaci\u00f3n continuada de sus h\u00e1bitos de navegaci\u00f3n, lo que permite desarrollar un perfil espec\u00edfico para mostrar publicidad en funci\u00f3n del mismo.<\/li><\/ul>\n\n\n\n<p>Para el uso de las cookies, que se enumerar\u00e1n a continuaci\u00f3n en el cuadro de cookies, GRUP LES NOTICIES DE CATALUNYA, S.L. necesitar\u00e1 su consentimiento, que podr\u00e1 ser retirado en cualquier momento.<\/p>\n\n\n\n<p>No obstante, para la efectiva prestaci\u00f3n de servicios de la sociedad de la informaci\u00f3n expresamente solicitado por el usuario ser\u00e1 estrictamente necesario el uso de las siguientes cookies:<\/p>\n\n\n\n<p>Cookies de sesi\u00f3n, cookies de seguimiento de Google Analytics y ComScore, &nbsp;cookies las de control de numero de comentarios y &nbsp;cookies de encuestas.<\/p>\n\n\n\n<p>Cuadro de las cookies utilizadas en este sitio web:<\/p>\n\n\n\n<style>table.wp-block-table {\n    font-size: 13px;\n    line-height: 1.5em;\n    border-collapse: collapse;\n    border-spacing: 0;\n    width: 100%;\n}\n\n.wp-block-table th, .wp-block-table td {\n    text-align: center;\n\tpadding: 5px;\n    border: solid 1px black;\n}\n\n.wp-block-table th {\n    background: #cfcfcf;\n    padding: 10px;\n}\n\n.wp-block-table td:nth-child(1) {\n    text-align: left;\n}\n<\/style><table class=\"wp-block-table is-style-regular\"><thead><tr><th>Finalidad<\/th><th colspan=4>Tipo<\/th><\/tr><tr><th>&nbsp;<\/th><th>Cookies propias<\/th><th>Cookies de terceros<\/th><th>Cookies de sessi\u00f3n<\/th><th>Cookies persistentes<\/th><\/tr><\/thead><tbody><tr><td>Cookies t\u00e9cnicas<\/td><td>X<\/td><td>&nbsp;<\/td><td>X<\/td><td>&nbsp;<\/td><\/tr><tr><td>Cookies de personalizaci\u00f3n<\/td><td>&nbsp;<\/td><td>&nbsp;<\/td><td>&nbsp;<\/td><td>&nbsp;<\/td><\/tr><tr><td>Cookies de an\u00e1lisis<\/td><td>X<\/td><td>X<\/td><td>X<\/td><td>&nbsp;<\/td><\/tr><tr><td>Cookies publicitarias<\/td><td>&nbsp;<\/td><td>X<\/td><td>X<\/td><td>&nbsp;<\/td><\/tr><tr><td>Cookies de publicidad comportamental<\/td><td>&nbsp;<\/td><td>&nbsp;<\/td><td>&nbsp;<\/td><td>&nbsp;<\/td><\/tr><\/tbody><\/table>\n\n\n\n<p>*Este cuadro de cookies estar\u00e1&nbsp; sujeto a actualizaciones a medida que se vayan incorporando el uso de nuevas cookies o que se supriman el uso de las actuales. Por ello ser\u00e1 necesario que revise esta pol\u00edtica de cookies peri\u00f3dicamente con el objetivo de estar adecuadamente informado sobre el tipo de cookies utilizadas y sus finalidades.<\/p>\n\n\n\n<p>Esta p\u00e1gina web utiliza cookies de terceros que permiten gestionar y mejorar los servicios ofrecidos. El usuario tiene la opci\u00f3n de permitir su instalaci\u00f3n en el equipo as\u00ed como, en cualquier momento, podr\u00e1 eliminarlas mediante la configuraci\u00f3n de las opciones del navegador instalado en su terminal. Concretamente para ajustar los permisos relacionados con el navegador deber\u00e1 ir a las secciones de Privacidad y configuraci\u00f3n de las opciones de cookies que corresponda seg\u00fan el navegador utilizado.<\/p>\n\n\n\n<p>El acceso a contenidos externos puede comportar la transmisi\u00f3n de datos de car\u00e1cter personal a terceros (Youtube, Facebook, Instagram,Twitter, entre otros).En este sentido la compa\u00f1\u00eda no guarda ninguna informaci\u00f3n de car\u00e1cter personal por lo tanto, la compa\u00f1\u00eda no se hace responsable del tratamiento de datos que puedan realizar estos terceros, quedando el usuario sujeto a los t\u00e9rminos y condiciones&nbsp; as\u00ed como a la Pol\u00edtica de Privacidad de estos terceros.<\/p>\n\n\n\n<h2 class=\"wp-block-heading\">\u00bfC\u00f3mo administrar &#8216;cookies&#8217; en el navegador?<\/h2>\n\n\n\n<p>El usuario tiene la opci\u00f3n de permitir, bloquear o eliminar las &#8216;cookies&#8217; instaladas en su equipo mediante la configuraci\u00f3n de las opciones del navegador instalado en su terminal:<\/p>\n\n\n\n<p>Para ajustar los permisos relacionados con las &#8216;cookies&#8217; en el navegador&nbsp;<strong>Google Chrome<\/strong>:<\/p>\n\n\n\n<ul class=\"wp-block-list\"><li>Hacer clic en el men\u00fa situado en la barra de herramientas.<\/li><li>Seleccionar&nbsp;<strong>Configuraci\u00f3n<\/strong>.<\/li><li>Hacer clic en&nbsp;<strong>Configuraci\u00f3n avanzada<\/strong>.<\/li><li>En la secci\u00f3n &#8216;Privacidad&#8217; hacer clic en el bot\u00f3n&nbsp;<strong>Configuraci\u00f3n de contenido<\/strong>.<\/li><li>En la secci\u00f3n de &#8216;Cookies&#8217; se pueden configurar las opciones.<\/li><\/ul>\n\n\n\n<p>Para ajustar los permisos relacionados con las &#8216;cookies&#8217; en el navegador&nbsp;<strong>Google Chrome&nbsp;<\/strong>para dispositivos m\u00f3viles:<\/p>\n\n\n\n<ul class=\"wp-block-list\"><li>Hacer clic en el icono del men\u00fa situado en la barra de herramientas.<\/li><li>Seleccionar&nbsp;<strong>Configuraci\u00f3n<\/strong>.<\/li><li>Seleccionar&nbsp;<strong>Configuraci\u00f3n de sitios web.<\/strong><\/li><li>Seleccionar&nbsp;<strong>Cookies.<\/strong><\/li><li>Pueden configurar las opciones<\/li><\/ul>\n\n\n\n<p><a href=\"https:\/\/support.google.com\/chrome\/answer\/95647?hl=es\" target=\"_blank\" rel=\"noreferrer noopener\">M\u00e1s informaci\u00f3n sobre Google Chrome<\/a><\/p>\n\n\n\n<p>Para ajustar los permisos relacionados con las &#8216;cookies&#8217; en el navegador&nbsp;<strong>Mozilla Firefox<\/strong>:<\/p>\n\n\n\n<ul class=\"wp-block-list\"><li>En la parte superior de la ventana de Firefox hacer clic en el men\u00fa&nbsp;<strong>Herramientas<\/strong>.<\/li><li>Seleccionar&nbsp;<strong>Opciones<\/strong>.<\/li><li>Seleccionar el panel&nbsp;<strong>Privacidad y Seguridad<\/strong>.<\/li><li>En el apartado&nbsp;<strong>Cookies y datos del sitio<\/strong>&nbsp;puede configurar las opciones.<\/li><\/ul>\n\n\n\n<p><a href=\"https:\/\/support.mozilla.org\/es\/kb\/cookies-informacion-que-los-sitios-web-guardan-en-\" target=\"_blank\" rel=\"noreferrer noopener\">M\u00e1s informaci\u00f3n sobre Mozilla Firefox<\/a><\/p>\n\n\n\n<p>Para ajustar los permisos relacionados con las &#8216;cookies&#8217; en el navegador&nbsp;<strong>Internet Explorer 9<\/strong>:<\/p>\n\n\n\n<ul class=\"wp-block-list\"><li>En la parte superior de la ventana de Internet Explorer hacer clic en el men\u00fa&nbsp;<strong>Herramientas<\/strong>.<\/li><li>Seleccionar la pesta\u00f1a de&nbsp;<strong>Seguridad<\/strong>&nbsp;y utilizar la opci\u00f3n&nbsp;<strong>Eliminar el historial de exploraci\u00f3n<\/strong>&nbsp;para eliminar las &#8216;cookies&#8217;. Activar la casilla&nbsp;<strong>&#8216;Cookies&#8217;<\/strong>&nbsp;y, a continuaci\u00f3n, hacer clic en&nbsp;<strong>Eliminar<\/strong>.<\/li><li>Seleccionar la pesta\u00f1a de&nbsp;<strong>Seguridad<\/strong>&nbsp;y acceder a&nbsp;<strong>Configuraci\u00f3n<\/strong>. Mover el control deslizante totalmente hacia arriba para bloquear todas las &#8216;cookies&#8217; o totalmente hacia abajo para permitir todas las &#8216;cookies&#8217;. Tras ello, hacer clic en&nbsp;<strong>Aceptar<\/strong>.<\/li><\/ul>\n\n\n\n<p><a href=\"https:\/\/support.microsoft.com\/es-es\/help\/17442\/windows-internet-explorer-delete-manage-cookies\" target=\"_blank\" rel=\"noreferrer noopener\">M\u00e1s informaci\u00f3n sobre Internet Explorer 9<\/a><\/p>\n\n\n\n<p>Para ajustar los permisos relacionados con las &#8216;cookies&#8217; en el navegador&nbsp;<strong>Microsoft EDGE<\/strong>:<\/p>\n\n\n\n<ul class=\"wp-block-list\"><li>En la parte superior de la ventana del navegador hacer clic en el icono de tres puntitos a la derecha de la ventana.<\/li><li>Pulsar en&nbsp;<strong>Configuraci\u00f3n<\/strong>. Buscar el apartado&nbsp;<strong>Configuraci\u00f3n avanzada&nbsp;<\/strong>y pulsar&nbsp;<strong>Visualizar la configuraci\u00f3n avanzada,&nbsp;<\/strong>en la opci\u00f3n<strong>&nbsp;\u2018Cookies\u2019<\/strong>&nbsp;podremos configurar la opci\u00f3n adecuada.<\/li><li>Si lo que queremos es borrarlas del historial de navegaci\u00f3n. Pulsar en&nbsp;<strong>Configuraci\u00f3n<\/strong>. Buscar el apartado&nbsp;<strong>Borrar datos de exploraci\u00f3n&nbsp;<\/strong>y pulsar&nbsp;<strong>Elegir lo que se debe borrar<\/strong>. Comprobar que est\u00e9 activada la casilla&nbsp;<strong>&#8216;Cookies y datos del sitio web guardados&#8217;<\/strong>&nbsp;y a continuaci\u00f3n, hacer clic en&nbsp;<strong>Borrar<\/strong>.<\/li><\/ul>\n\n\n\n<p><a href=\"https:\/\/privacy.microsoft.com\/es-es\/windows-10-microsoft-edge-and-privacy\" target=\"_blank\" rel=\"noreferrer noopener\">M\u00e1s informaci\u00f3n sobre Microsoft EDGE<\/a><\/p>\n\n\n\n<p>En caso de bloquear el uso de &#8216;cookies&#8217; en su navegador es posible que algunos servicios o funcionalidades de la p\u00e1gina web no est\u00e9n disponibles.<\/p>\n\n\n\n<p>En algunos navegadores se pueden configurar reglas espec\u00edficas para administrar &#8216;cookies&#8217; por sitio web, lo que ofrece un control m\u00e1s preciso sobre la privacidad. Esto significa que se puede inhabilitar &#8216;cookies&#8217; de todos los sitios salvo de aquellos en los que se conf\u00ede.<\/p>\n","protected":false},"excerpt":{"rendered":"<p>\u00bfQu\u00e9 es una Cookie? Las cookies (o galletas) son breves paquetes de informaci\u00f3n que env\u00edan los servidores de un sitio web al navegador del usuario con datos sobre su navegaci\u00f3n previa. \u00bfPara qu\u00e9 se utilizan las Cookies en este sitio web? Las Cookies son una parte esencial de c\u00f3mo funciona nuestro sitio web (www.elnacional.cat). El &hellip; <a href=\"https:\/\/club.elnacional.cat\/es\/politica-de-cookies\/\">Continued<\/a><\/p>\n","protected":false},"author":5,"featured_media":0,"parent":0,"menu_order":0,"comment_status":"closed","ping_status":"closed","template":"views\/page-privacy.blade.php","meta":{"_acf_changed":false,"footnotes":""},"class_list":["post-460","page","type-page","status-publish","hentry"],"acf":[],"_links":{"self":[{"href":"https:\/\/club.elnacional.cat\/es\/wp-json\/wp\/v2\/pages\/460","targetHints":{"allow":["GET"]}}],"collection":[{"href":"https:\/\/club.elnacional.cat\/es\/wp-json\/wp\/v2\/pages"}],"about":[{"href":"https:\/\/club.elnacional.cat\/es\/wp-json\/wp\/v2\/types\/page"}],"author":[{"embeddable":true,"href":"https:\/\/club.elnacional.cat\/es\/wp-json\/wp\/v2\/users\/5"}],"replies":[{"embeddable":true,"href":"https:\/\/club.elnacional.cat\/es\/wp-json\/wp\/v2\/comments?post=460"}],"version-history":[{"count":0,"href":"https:\/\/club.elnacional.cat\/es\/wp-json\/wp\/v2\/pages\/460\/revisions"}],"wp:attachment":[{"href":"https:\/\/club.elnacional.cat\/es\/wp-json\/wp\/v2\/media?parent=460"}],"curies":[{"name":"wp","href":"https:\/\/api.w.org\/{rel}","templated":true}]}}