{"id":79981,"date":"2024-01-03T12:35:12","date_gmt":"2024-01-03T11:35:12","guid":{"rendered":"https:\/\/club.elnacional.cat\/?page_id=79981"},"modified":"2024-01-10T12:14:33","modified_gmt":"2024-01-10T11:14:33","slug":"registro-socio-cmp","status":"publish","type":"page","link":"https:\/\/club.elnacional.cat\/es\/registro-socio-cmp\/","title":{"rendered":"Registro Socio CMP"},"content":{"rendered":"\n<div class=\"wp-block-buttons is-layout-flex wp-block-buttons-is-layout-flex\">\n<div class=\"wp-block-button has-custom-width wp-block-button__width-100\"><a class=\"wp-block-button__link has-black-color has-text-color has-background has-link-color wp-element-button\" href=\"https:\/\/www.elnacional.cat\/es\" style=\"border-radius:0px;background-color:#ffcc00\"><strong>Volver a El Nacional y aceptar cookies<\/strong><\/a><\/div>\n<\/div>\n\n\n\n<div class=\"wp-block-group\" style=\"margin-top:var(--wp--preset--spacing--70);margin-bottom:var(--wp--preset--spacing--70)\"><div class=\"wp-block-group__inner-container is-layout-constrained wp-block-group-is-layout-constrained\">\n<p>Si quieres navegar de forma gratuita en El Nacional, puedes volver para aceptar las cookies.<\/p>\n\n\n\n<p>Si escoges esta opci\u00f3n, navegar\u00e1s con publicidad adaptada a tus gustos y patrones de navegaci\u00f3n.<\/p>\n<\/div><\/div>\n\n\n<div class=\"block-subscr\">\n          \n      \n      <div id=\"block_65953b9def6f0_subscr299\" class=\"subscr-benefit\">\n        <div class=\"subscr-benefit__inner\">\n          <a href=\"#\" class=\"js-subs-benefit-close subscr-benefit__close\">\n            Cerrar\n          <\/a>\n\n          <h3 class=\"subscr-benefit__title\">\n            Ventajas <strong>Miembro B\u00e1sico<\/strong>\n          <\/h3>\n\n          <div class=\"subscr-benefit__content\">\n            <ul>\r\n \t<li>Apoyar el diario para un periodismo de calidad y comprometido<\/li>\r\n \t<li>Hacer viable un medio abierto, gratuito y sin restricciones<\/li>\r\n \t<li>Opci\u00f3n de publicar comentarios en la web del diario<\/li>\r\n \t<li>Recibir cada noche el bolet\u00edn electr\u00f3nico de noticias<\/li>\r\n \t<li>Acceso a actos exclusivos para socios con personalidades relevantes de la actualidad y la posibilidad de hacer networking<\/li>\r\n \t<li>Conocer la redacci\u00f3n del diario y mantener una relaci\u00f3n directa con los miembros y colaboradores de El Nacional<\/li>\r\n \t<li>Poder beneficiarse de promociones y descuentos exclusivos para socios<\/li>\r\n<\/ul>\n          <\/div>\n        <\/div>\n      <\/div>\n\n      \n      <article\n        class=\"block-subscr__item\"\n              >\n        <form\n          class=\"form block-subscr__form \"\n          action=\"https:\/\/club.elnacional.cat\/es\/registro-socio-cmp\/\"\n          method=\"post\"\n          autocomplete=\"off\"\n        >\n          \n          <div class=\"block-subscr__header\">\n            <h3 class=\"block-subscr__title\">Miembro B\u00e1sico<\/h3>\n            <h4 class=\"block-subscr__price\">60\u20ac\/any<\/h4>\n\n                      <\/div>\n\n          \n          \n          \n          <div class=\"block-subscr__bottom\">\n            <button type=\"submit\" class=\"btn btn--primary\">\n                              Subscriu-te aqu\u00ed\n                          <\/button>\n\n            <div class=\"subscr-benefit-button\">\n              <a\n                href=\"#\"\n                class=\"js-subs-benefit subscr-benefit-link\"\n                data-benefit=\"block_65953b9def6f0_subscr299\"\n              >\n                Ventajas\n              <\/a>\n            <\/div>\n          <\/div>\n\n          \n          <input type=\"hidden\" id=\"enclub_form_nonce\" name=\"enclub_form_nonce\" value=\"77014bbda6\" \/><input type=\"hidden\" name=\"_wp_http_referer\" value=\"\/es\/wp-json\/wp\/v2\/pages\/79981\" \/>\n\n          <input\n            type=\"hidden\"\n            id=\"subs__299\"\n            name=\"subscription_id\"\n            value=\"299\"\n          >\n        <\/form>\n      <\/article>\n          \n      \n      <div id=\"block_65953b9def6f0_subscr79920\" class=\"subscr-benefit\">\n        <div class=\"subscr-benefit__inner\">\n          <a href=\"#\" class=\"js-subs-benefit-close subscr-benefit__close\">\n            Cerrar\n          <\/a>\n\n          <h3 class=\"subscr-benefit__title\">\n            Ventajas <strong>Miembro mensual<\/strong>\n          <\/h3>\n\n          <div class=\"subscr-benefit__content\">\n            <ul>\r\n \t<li>Apoyar el diario para un periodismo de calidad y comprometido<\/li>\r\n \t<li>Hacer viable un medio abierto, gratuito y sin restricciones<\/li>\r\n \t<li>Opci\u00f3n de publicar comentarios en la web del diario<\/li>\r\n \t<li>Recibir cada noche el bolet\u00edn electr\u00f3nico de noticias<\/li>\r\n \t<li>Navegar de forma an\u00f3nima en la web, sin preferencias de cookies personalizadas<\/li>\r\n<\/ul>\n          <\/div>\n        <\/div>\n      <\/div>\n\n      \n      <article\n        class=\"block-subscr__item\"\n              >\n        <form\n          class=\"form block-subscr__form \"\n          action=\"https:\/\/club.elnacional.cat\/es\/registro-socio-cmp\/\"\n          method=\"post\"\n          autocomplete=\"off\"\n        >\n          \n          <div class=\"block-subscr__header\">\n            <h3 class=\"block-subscr__title\">Miembro mensual<\/h3>\n            <h4 class=\"block-subscr__price\">1\u20ac\/semana<\/h4>\n\n                          <div class=\"block-subscr__secondary-price\">\n                PAGO MENSUAL 4\u20ac\n              <\/div>\n                      <\/div>\n\n          \n          \n          \n          <div class=\"block-subscr__bottom\">\n            <button type=\"submit\" class=\"btn btn--primary\">\n                              Subscriu-te aqu\u00ed\n                          <\/button>\n\n            <div class=\"subscr-benefit-button\">\n              <a\n                href=\"#\"\n                class=\"js-subs-benefit subscr-benefit-link\"\n                data-benefit=\"block_65953b9def6f0_subscr79920\"\n              >\n                Ventajas\n              <\/a>\n            <\/div>\n          <\/div>\n\n          \n          <input type=\"hidden\" id=\"enclub_form_nonce\" name=\"enclub_form_nonce\" value=\"77014bbda6\" \/><input type=\"hidden\" name=\"_wp_http_referer\" value=\"\/es\/wp-json\/wp\/v2\/pages\/79981\" \/>\n\n          <input\n            type=\"hidden\"\n            id=\"subs__79920\"\n            name=\"subscription_id\"\n            value=\"79920\"\n          >\n        <\/form>\n      <\/article>\n          \n      \n      <div id=\"block_65953b9def6f0_subscr865\" class=\"subscr-benefit\">\n        <div class=\"subscr-benefit__inner\">\n          <a href=\"#\" class=\"js-subs-benefit-close subscr-benefit__close\">\n            Cerrar\n          <\/a>\n\n          <h3 class=\"subscr-benefit__title\">\n            Ventajas <strong>Miembro Premium<\/strong>\n          <\/h3>\n\n          <div class=\"subscr-benefit__content\">\n            <ul>\r\n \t<li>Apoyar el diario para un periodismo de calidad y comprometido<\/li>\r\n \t<li>Hacer viable un medio abierto, gratuito y sin restricciones<\/li>\r\n \t<li>Recibir cada noche el bolet\u00edn electr\u00f3nico de noticias<\/li>\r\n \t<li>Publicar comentarios a las noticias del diario<\/li>\r\n \t<li>Acceso a actos exclusivos para socios con personalidades relevantes de la actualidad y la posibilidad de hacer networking<\/li>\r\n \t<li>Conocer la redacci\u00f3n del diario y mantener una relaci\u00f3n directa con los miembros y colaboradores de El Nacional<\/li>\r\n \t<li>Poder beneficiarse de promociones y descuentos exclusivos para socios<\/li>\r\n \t<li><span class=\"tlid-translation translation\" lang=\"es\"><span title=\"\">Acceso a<\/span> <span title=\"\">desayunos<\/span> <span title=\"\">de peque\u00f1o formato<\/span> <span title=\"\">exclusivos para socios<\/span> <span title=\"\">Premium<\/span> <span title=\"\">con<\/span> <span class=\"\" title=\"\">miembros y<\/span> <span title=\"\">colaboradores<\/span> <span title=\"\">del diario<\/span> <span title=\"\">y<\/span> <span title=\"\">personalidades<\/span> <span title=\"\">relevantes<\/span> <span class=\"\" title=\"\">de la actualidad<\/span><\/span><\/li>\r\n \t<li><span class=\"tlid-translation translation\" lang=\"es\"><span title=\"\">Posibilidad<\/span> <span title=\"\">de escribir<\/span> <span title=\"\">en <em>La<\/em><\/span><em> <span title=\"\">voz del<\/span> <span title=\"\">lector<\/span><\/em> <span title=\"\">(<\/span><span title=\"\">cartas<\/span> <span title=\"\">al director<\/span><span title=\"\">)<\/span><\/span><\/li>\r\n<\/ul>\n          <\/div>\n        <\/div>\n      <\/div>\n\n      \n      <article\n        class=\"block-subscr__item\"\n              >\n        <form\n          class=\"form block-subscr__form block-subscr__form--nyp\"\n          action=\"https:\/\/club.elnacional.cat\/es\/registro-socio-cmp\/\"\n          method=\"post\"\n          autocomplete=\"off\"\n        >\n          \n          <div class=\"block-subscr__header\">\n            <h3 class=\"block-subscr__title\">Miembro Premium<\/h3>\n            <h4 class=\"block-subscr__price\">A partir de 100\u20ac\/any<\/h4>\n\n                      <\/div>\n\n          \n                      <div class=\"block-subscr__nyp\">\n                              \n                <input\n                  type=\"number\"\n                  name=\"enclub_nyp\"\n                  value=\"150\"\n                  min=\"100\"\n                  max=\"999\"\n                  step=\"0.01\"\n                  class=\"form__field form__field--text\"\n                >\n              \n              \n              <label class=\"block-subscr__nyp-label\">\n                Indica el teu preu <em>M\u00ednim de 100 \u20ac<\/em>\n              <\/label>\n            <\/div>\n          \n          \n          <div class=\"block-subscr__bottom\">\n            <button type=\"submit\" class=\"btn btn--primary\">\n                              Subscriu-te aqu\u00ed\n                          <\/button>\n\n            <div class=\"subscr-benefit-button\">\n              <a\n                href=\"#\"\n                class=\"js-subs-benefit subscr-benefit-link\"\n                data-benefit=\"block_65953b9def6f0_subscr865\"\n              >\n                Ventajas\n              <\/a>\n            <\/div>\n          <\/div>\n\n          \n          <input type=\"hidden\" id=\"enclub_form_nonce\" name=\"enclub_form_nonce\" value=\"77014bbda6\" \/><input type=\"hidden\" name=\"_wp_http_referer\" value=\"\/es\/wp-json\/wp\/v2\/pages\/79981\" \/>\n\n          <input\n            type=\"hidden\"\n            id=\"subs__865\"\n            name=\"subscription_id\"\n            value=\"865\"\n          >\n        <\/form>\n      <\/article>\n          \n      \n      <div id=\"block_65953b9def6f0_subscr14027\" class=\"subscr-benefit\">\n        <div class=\"subscr-benefit__inner\">\n          <a href=\"#\" class=\"js-subs-benefit-close subscr-benefit__close\">\n            Cerrar\n          <\/a>\n\n          <h3 class=\"subscr-benefit__title\">\n            Ventajas <strong>Colaboraci\u00f3n ElNacional<\/strong>\n          <\/h3>\n\n          <div class=\"subscr-benefit__content\">\n            <div class=\"tlid-input input\">\r\n<div class=\"source-wrap\">\r\n<div class=\"input-full-height-wrapper tlid-input-full-height-wrapper\">\r\n<div class=\"source-input\">\r\n<div class=\"source-footer-wrap source-or-target-footer\">\r\n<div class=\"character-count tlid-character-count\">\r\n<div class=\"cc-ctr normal\">\r\n<ul>\r\n \t<li><span class=\"tlid-translation translation\" lang=\"es\"><span title=\"\">Apoyar el<\/span> <span title=\"\">diario para<\/span> <span title=\"\">financiar<\/span> <span title=\"\">un<\/span> <span title=\"\">periodismo<\/span> <span title=\"\">de calidad<\/span> <span title=\"\">y comprometido<\/span><\/span><\/li>\r\n \t<li><span class=\"tlid-translation translation\" lang=\"es\"><span title=\"\">Contribuir<\/span> <span title=\"\">a seguir<\/span> <span title=\"\">haciendo<\/span> <span title=\"\">viable<\/span> <span title=\"\">un medio<\/span> <span title=\"\">abierto<\/span><span title=\"\">, gratuito y<\/span> <span title=\"\">sin restricciones<\/span><\/span><\/li>\r\n \t<li><span class=\"tlid-translation translation\" lang=\"es\"><span title=\"\">Recibir<\/span> <span class=\"\" title=\"\">cada tarde<\/span> <span class=\"\" title=\"\">el bolet\u00edn<\/span> <span class=\"\" title=\"\">electr\u00f3nico<\/span> <span class=\"\" title=\"\">de noticias<\/span><\/span><\/li>\r\n<\/ul>\r\n<\/div>\r\n<\/div>\r\n<div class=\"source-footer\">\r\n<div class=\"speech-wrap source-or-target-footer-button left-positioned\"><\/div>\r\n<\/div>\r\n<\/div>\r\n<\/div>\r\n<\/div>\r\n<\/div>\r\n<\/div>\r\n<div class=\"tlid-results-container results-container\">\r\n<div class=\"tlid-result result-dict-wrapper\">\r\n<div class=\"result tlid-copy-target\"><\/div>\r\n<\/div>\r\n<\/div>\n          <\/div>\n        <\/div>\n      <\/div>\n\n      \n      <article\n        class=\"block-subscr__item\"\n              >\n        <form\n          class=\"form block-subscr__form \"\n          action=\"https:\/\/club.elnacional.cat\/es\/registro-socio-cmp\/\"\n          method=\"post\"\n          autocomplete=\"off\"\n        >\n          \n          <div class=\"block-subscr__header\">\n            <h3 class=\"block-subscr__title\">Colaboraci\u00f3n ElNacional<\/h3>\n            <h4 class=\"block-subscr__price\">30\u20ac<\/h4>\n\n                      <\/div>\n\n          \n          \n          \n          <div class=\"block-subscr__bottom\">\n            <button type=\"submit\" class=\"btn btn--primary\">\n                              Haz tu donativo\n                          <\/button>\n\n            <div class=\"subscr-benefit-button\">\n              <a\n                href=\"#\"\n                class=\"js-subs-benefit subscr-benefit-link\"\n                data-benefit=\"block_65953b9def6f0_subscr14027\"\n              >\n                Ventajas\n              <\/a>\n            <\/div>\n          <\/div>\n\n          \n          <input type=\"hidden\" id=\"enclub_form_nonce\" name=\"enclub_form_nonce\" value=\"77014bbda6\" \/><input type=\"hidden\" name=\"_wp_http_referer\" value=\"\/es\/wp-json\/wp\/v2\/pages\/79981\" \/>\n\n          <input\n            type=\"hidden\"\n            id=\"subs__14027\"\n            name=\"subscription_id\"\n            value=\"14027\"\n          >\n        <\/form>\n      <\/article>\n      <\/div>\n\n\n\n<p class=\"has-text-align-center register-phone has-background\" style=\"background-color:#ffcc00;font-size:14px\"><strong>O, si lo prefieres, llama al 931 730 099<\/strong><\/p>\n","protected":false},"excerpt":{"rendered":"<p>Si quieres navegar de forma gratuita en El Nacional, puedes volver para aceptar las cookies. Si escoges esta opci\u00f3n, navegar\u00e1s con publicidad adaptada a tus gustos y patrones de navegaci\u00f3n. O, si lo prefieres, llama al 931 730 099<\/p>\n","protected":false},"author":1,"featured_media":0,"parent":0,"menu_order":0,"comment_status":"closed","ping_status":"closed","template":"views\/page-register.blade.php","meta":{"_acf_changed":false,"footnotes":""},"class_list":["post-79981","page","type-page","status-publish","hentry"],"acf":[],"_links":{"self":[{"href":"https:\/\/club.elnacional.cat\/es\/wp-json\/wp\/v2\/pages\/79981","targetHints":{"allow":["GET"]}}],"collection":[{"href":"https:\/\/club.elnacional.cat\/es\/wp-json\/wp\/v2\/pages"}],"about":[{"href":"https:\/\/club.elnacional.cat\/es\/wp-json\/wp\/v2\/types\/page"}],"author":[{"embeddable":true,"href":"https:\/\/club.elnacional.cat\/es\/wp-json\/wp\/v2\/users\/1"}],"replies":[{"embeddable":true,"href":"https:\/\/club.elnacional.cat\/es\/wp-json\/wp\/v2\/comments?post=79981"}],"version-history":[{"count":2,"href":"https:\/\/club.elnacional.cat\/es\/wp-json\/wp\/v2\/pages\/79981\/revisions"}],"predecessor-version":[{"id":80040,"href":"https:\/\/club.elnacional.cat\/es\/wp-json\/wp\/v2\/pages\/79981\/revisions\/80040"}],"wp:attachment":[{"href":"https:\/\/club.elnacional.cat\/es\/wp-json\/wp\/v2\/media?parent=79981"}],"curies":[{"name":"wp","href":"https:\/\/api.w.org\/{rel}","templated":true}]}}