{"id":299,"date":"2019-06-10T17:35:08","date_gmt":"2019-06-10T15:35:08","guid":{"rendered":"http:\/\/club.elnacional.cat\/product\/simple\/"},"modified":"2024-02-09T13:55:35","modified_gmt":"2024-02-09T12:55:35","slug":"simple","status":"publish","type":"product","link":"https:\/\/club.elnacional.cat\/es\/product\/simple\/","title":{"rendered":"Miembro B\u00e1sico"},"content":{"rendered":"<ul>\n<li>Apoyar el diario para un periodismo de calidad y comprometido<\/li>\n<li>Hacer viable un medio abierto, gratuito y sin restricciones<\/li>\n<li>Opci\u00f3n de publicar comentarios en la web del diario<\/li>\n<li>Recibir cada noche el bolet\u00edn electr\u00f3nico de noticias<\/li>\n<li>Acceso a actos exclusivos para socios con personalidades relevantes de la actualidad y la posibilidad de hacer networking<\/li>\n<li>Conocer la redacci\u00f3n del diario y mantener una relaci\u00f3n directa con los miembros y colaboradores de El Nacional<\/li>\n<li>Poder beneficiarse de promociones y descuentos exclusivos para socios<\/li>\n<\/ul>\n","protected":false},"excerpt":{"rendered":"<p>Apoyar el diario para un periodismo de calidad y comprometido Hacer viable un medio abierto, gratuito y sin restricciones Opci\u00f3n de publicar comentarios en la web del diario Recibir cada noche el bolet\u00edn electr\u00f3nico de noticias Acceso a actos exclusivos para socios con personalidades relevantes de la actualidad y la posibilidad de hacer networking Conocer &hellip; <a href=\"https:\/\/club.elnacional.cat\/es\/product\/simple\/\">Continued<\/a><\/p>\n","protected":false},"featured_media":453,"template":"","meta":{"_acf_changed":false},"product_brand":[],"product_cat":[38],"product_tag":[],"class_list":{"0":"post-299","1":"product","2":"type-product","3":"status-publish","4":"has-post-thumbnail","6":"product_cat-uncategorized-es","8":"first","9":"instock","10":"virtual","11":"taxable","12":"purchasable","13":"product-type-subscription"},"acf":[],"_links":{"self":[{"href":"https:\/\/club.elnacional.cat\/es\/wp-json\/wp\/v2\/product\/299","targetHints":{"allow":["GET"]}}],"collection":[{"href":"https:\/\/club.elnacional.cat\/es\/wp-json\/wp\/v2\/product"}],"about":[{"href":"https:\/\/club.elnacional.cat\/es\/wp-json\/wp\/v2\/types\/product"}],"wp:featuredmedia":[{"embeddable":true,"href":"https:\/\/club.elnacional.cat\/es\/wp-json\/wp\/v2\/media\/453"}],"wp:attachment":[{"href":"https:\/\/club.elnacional.cat\/es\/wp-json\/wp\/v2\/media?parent=299"}],"wp:term":[{"taxonomy":"product_brand","embeddable":true,"href":"https:\/\/club.elnacional.cat\/es\/wp-json\/wp\/v2\/product_brand?post=299"},{"taxonomy":"product_cat","embeddable":true,"href":"https:\/\/club.elnacional.cat\/es\/wp-json\/wp\/v2\/product_cat?post=299"},{"taxonomy":"product_tag","embeddable":true,"href":"https:\/\/club.elnacional.cat\/es\/wp-json\/wp\/v2\/product_tag?post=299"}],"curies":[{"name":"wp","href":"https:\/\/api.w.org\/{rel}","templated":true}]}}