{"id":79920,"date":"2024-01-03T11:29:27","date_gmt":"2024-01-03T10:29:27","guid":{"rendered":"https:\/\/club.elnacional.cat\/product\/miembro-semanal\/"},"modified":"2024-02-09T13:53:09","modified_gmt":"2024-02-09T12:53:09","slug":"miembro-mensual-el-nacional","status":"publish","type":"product","link":"https:\/\/club.elnacional.cat\/es\/product\/miembro-mensual-el-nacional\/","title":{"rendered":"Miembro mensual"},"content":{"rendered":"<ul>\n<li>Apoyar el diario para un periodismo de calidad y comprometido<\/li>\n<li>Hacer viable un medio abierto, gratuito y sin restricciones<\/li>\n<li>Opci\u00f3n de publicar comentarios en la web del diario<\/li>\n<li>Recibir cada noche el bolet\u00edn electr\u00f3nico de noticias<\/li>\n<li>Navegar de forma an\u00f3nima en la web, sin preferencias de cookies personalizadas<\/li>\n<\/ul>\n","protected":false},"excerpt":{"rendered":"<p>Apoyar el diario para un periodismo de calidad y comprometido Hacer viable un medio abierto, gratuito y sin restricciones Opci\u00f3n de publicar comentarios en la web del diario Recibir cada noche el bolet\u00edn electr\u00f3nico de noticias Navegar de forma an\u00f3nima en la web, sin preferencias de cookies personalizadas<\/p>\n","protected":false},"featured_media":453,"template":"","meta":{"_acf_changed":false},"product_brand":[],"product_cat":[15],"product_tag":[],"class_list":{"0":"post-79920","1":"product","2":"type-product","3":"status-publish","4":"has-post-thumbnail","6":"product_cat-uncategorized","8":"first","9":"instock","10":"virtual","11":"taxable","12":"purchasable","13":"product-type-subscription"},"acf":[],"_links":{"self":[{"href":"https:\/\/club.elnacional.cat\/es\/wp-json\/wp\/v2\/product\/79920","targetHints":{"allow":["GET"]}}],"collection":[{"href":"https:\/\/club.elnacional.cat\/es\/wp-json\/wp\/v2\/product"}],"about":[{"href":"https:\/\/club.elnacional.cat\/es\/wp-json\/wp\/v2\/types\/product"}],"wp:featuredmedia":[{"embeddable":true,"href":"https:\/\/club.elnacional.cat\/es\/wp-json\/wp\/v2\/media\/453"}],"wp:attachment":[{"href":"https:\/\/club.elnacional.cat\/es\/wp-json\/wp\/v2\/media?parent=79920"}],"wp:term":[{"taxonomy":"product_brand","embeddable":true,"href":"https:\/\/club.elnacional.cat\/es\/wp-json\/wp\/v2\/product_brand?post=79920"},{"taxonomy":"product_cat","embeddable":true,"href":"https:\/\/club.elnacional.cat\/es\/wp-json\/wp\/v2\/product_cat?post=79920"},{"taxonomy":"product_tag","embeddable":true,"href":"https:\/\/club.elnacional.cat\/es\/wp-json\/wp\/v2\/product_tag?post=79920"}],"curies":[{"name":"wp","href":"https:\/\/api.w.org\/{rel}","templated":true}]}}